{"id":92,"date":"2019-09-13T15:36:57","date_gmt":"2019-09-13T15:36:57","guid":{"rendered":"http:\/\/wilhelmine5.de\/?page_id=92"},"modified":"2022-04-13T09:54:00","modified_gmt":"2022-04-13T09:54:00","slug":"impressum","status":"publish","type":"page","link":"https:\/\/wilhelmine5.de\/?page_id=92","title":{"rendered":"Impressum"},"content":{"rendered":"\n<h2>Kontakt<\/h2>\n\n\n\n<p>Angela K\u00e4ther <strong>Wilhelmine5<\/strong><\/p>\n\n\n\n<p>Wilhelminenhofstra\u00dfe 5<\/p>\n\n\n\n<p>12459 Berlin<\/p>\n\n\n\n<p>Tel: 030\/50179369<\/p>\n\n\n\n<p>post[at]wilhelmine5.de<\/p>\n\n\n\n<p>Steuernummer 36\/370\/00565<\/p>\n\n\n\n<p><\/p>\n\n\n\n<p><strong>Galerie in der Wilhelmine5<\/strong><\/p>\n\n\n\n<p>Sandra Neumann &amp; Angela K\u00e4ther GbR<\/p>\n\n\n\n<p>Wilhelminenhofstra\u00dfe 5, 12459 Berlin<\/p>\n\n\n\n<p>post(at)galeriewilhelmine5.de<\/p>\n\n\n\n<p>Steuernummer 36\/370\/00840<\/p>\n\n\n\n<h2>Haftung f\u00fcr Inhalte <\/h2>\n\n\n\n<p>Die Inhalte unserer Seiten wurden mit gr\u00f6\u00dfter Sorgfalt erstellt. F\u00fcr die Richtigkeit, Vollst\u00e4ndigkeit und Aktualit\u00e4t der Inhalte k\u00f6nnen wir jedoch keine Gew\u00e4hr \u00fcbernehmen. Als Diensteanbieter sind wir gem\u00e4\u00df \u00a7 7 Abs.1 TMG f\u00fcr eigene Inhalte auf diesen Seiten nach den allgemeinen Gesetzen verantwortlich. Nach \u00a7\u00a7 8 bis 10 TMG sind wir als Diensteanbieter jedoch nicht verpflichtet, \u00fcbermittelte oder gespeicherte fremde Informationen zu \u00fcberwachen oder nach Umst\u00e4nden zu forschen, die auf eine rechtswidrige T\u00e4tigkeit hinweisen. Verpflichtungen zur Entfernung oder Sperrung der Nutzung von Informationen nach den allgemeinen Gesetzen bleiben hiervon unber\u00fchrt. Eine diesbez\u00fcgliche Haftung ist jedoch erst ab dem Zeitpunkt der Kenntnis einer konkreten Rechtsverletzung m\u00f6glich. Bei Bekanntwerden von entsprechenden Rechtsverletzungen werden wir diese Inhalte umgehend entfernen.<\/p>\n\n\n\n<h2>Haftung f\u00fcr Links<\/h2>\n\n\n\n<p>Unser Angebot enth\u00e4lt Links zu externen Webseiten Dritter, auf deren Inhalte wir keinen Einfluss haben. Deshalb k\u00f6nnen wir f\u00fcr diese fremden Inhalte auch keine Gew\u00e4hr \u00fcbernehmen. F\u00fcr die Inhalte der verlinkten Seiten ist stets der jeweilige Anbieter oder Betreiber der Seiten verantwortlich. Die verlinkten Seiten wurden zum Zeitpunkt der Verlinkung auf m\u00f6gliche Rechtsverst\u00f6\u00dfe \u00fcberpr\u00fcft. Rechtswidrige Inhalte waren zum Zeitpunkt der Verlinkung nicht erkennbar. Eine permanente inhaltliche Kontrolle der verlinkten Seiten ist jedoch ohne konkrete Anhaltspunkte einer Rechtsverletzung nicht zumutbar. Bei Bekanntwerden von Rechtsverletzungen werden wir derartige Links umgehend entfernen.<\/p>\n\n\n\n<h2>Urheberrecht<\/h2>\n\n\n\n<p>Die durch die Seitenbetreiber erstellten Inhalte und Werke auf diesen Seiten unterliegen dem deutschen Urheberrecht. Die Vervielf\u00e4ltigung, Bearbeitung, Verbreitung und jede Art der Verwertung au\u00dferhalb der Grenzen des Urheberrechtes bed\u00fcrfen der schriftlichen Zustimmung des jeweiligen Autors bzw. Erstellers. Downloads und Kopien dieser Seite sind nur f\u00fcr den privaten, nicht kommerziellen Gebrauch gestattet. Soweit die Inhalte auf dieser Seite nicht vom Betreiber erstellt wurden, werden die Urheberrechte Dritter beachtet. Insbesondere werden Inhalte Dritter als solche gekennzeichnet. Sollten Sie trotzdem auf eine Urheberrechtsverletzung aufmerksam werden, bitten wir um einen entsprechenden Hinweis. Bei Bekanntwerden von Rechtsverletzungen werden wir derartige Inhalte umgehend entfernen.<\/p>\n\n\n\n<p><em>Quellenangaben:&nbsp;<\/em><em><a href=\"http:\/\/www.e-recht24.de\/muster-disclaimer.htm\" target=\"_blank\" rel=\"noreferrer noopener\">Disclaimer<\/a>&nbsp;von eRecht24, dem Portal zum Internetrecht von Rechtsanwalt S\u00f6ren Siebert<\/em><\/p>\n","protected":false},"excerpt":{"rendered":"<p>Kontakt Angela K\u00e4ther Wilhelmine5 Wilhelminenhofstra\u00dfe 5 12459 Berlin Tel: 030\/50179369 post[at]wilhelmine5.de Steuernummer 36\/370\/00565 Galerie in der Wilhelmine5 Sandra Neumann &amp; Angela K\u00e4ther GbR Wilhelminenhofstra\u00dfe 5, 12459 Berlin post(at)galeriewilhelmine5.de Steuernummer 36\/370\/00840 &hellip; <\/p>\n<p class=\"link-more\"><a href=\"https:\/\/wilhelmine5.de\/?page_id=92\" class=\"more-link\"><span class=\"screen-reader-text\">\u201eImpressum\u201c<\/span> weiterlesen<\/a><\/p>\n","protected":false},"author":2,"featured_media":0,"parent":0,"menu_order":0,"comment_status":"closed","ping_status":"closed","template":"","meta":{"ngg_post_thumbnail":0},"_links":{"self":[{"href":"https:\/\/wilhelmine5.de\/index.php?rest_route=\/wp\/v2\/pages\/92"}],"collection":[{"href":"https:\/\/wilhelmine5.de\/index.php?rest_route=\/wp\/v2\/pages"}],"about":[{"href":"https:\/\/wilhelmine5.de\/index.php?rest_route=\/wp\/v2\/types\/page"}],"author":[{"embeddable":true,"href":"https:\/\/wilhelmine5.de\/index.php?rest_route=\/wp\/v2\/users\/2"}],"replies":[{"embeddable":true,"href":"https:\/\/wilhelmine5.de\/index.php?rest_route=%2Fwp%2Fv2%2Fcomments&post=92"}],"version-history":[{"count":10,"href":"https:\/\/wilhelmine5.de\/index.php?rest_route=\/wp\/v2\/pages\/92\/revisions"}],"predecessor-version":[{"id":805,"href":"https:\/\/wilhelmine5.de\/index.php?rest_route=\/wp\/v2\/pages\/92\/revisions\/805"}],"wp:attachment":[{"href":"https:\/\/wilhelmine5.de\/index.php?rest_route=%2Fwp%2Fv2%2Fmedia&parent=92"}],"curies":[{"name":"wp","href":"https:\/\/api.w.org\/{rel}","templated":true}]}}