{"id":114,"date":"2019-09-16T10:57:51","date_gmt":"2019-09-16T10:57:51","guid":{"rendered":"http:\/\/wilhelmine5.de\/?page_id=114"},"modified":"2025-05-20T07:04:34","modified_gmt":"2025-05-20T07:04:34","slug":"willhelmin5","status":"publish","type":"page","link":"https:\/\/wilhelmine5.de\/","title":{"rendered":"Herzlich willkommen, seit Mai 2025 gibt es den Veranstaltungsort Wilhelmine5 nicht mehr."},"content":{"rendered":"\n<p><\/p>\n\n\n\n<p>\u00dcber diese Seite k\u00f6nnen Sie das Buch von Dr. Angelika Schultz bestellen.<\/p>\n\n\n\n<p><\/p>\n\n\n\n<p>Herzliche Gr\u00fc\u00dfe<\/p>\n\n\n\n<p>Ela (Angela K\u00e4ther)<\/p>\n\n\n\n<figure class=\"wp-block-image is-resized\"><img loading=\"lazy\" src=\"http:\/\/wilhelmine5.de\/wp-content\/uploads\/2019\/09\/Logo-tu\u0308rkis.png\" alt=\"\" class=\"wp-image-131\" width=\"88\" height=\"81\" srcset=\"https:\/\/wilhelmine5.de\/wp-content\/uploads\/2019\/09\/Logo-tu\u0308rkis.png 586w, https:\/\/wilhelmine5.de\/wp-content\/uploads\/2019\/09\/Logo-tu\u0308rkis-300x276.png 300w\" sizes=\"(max-width: 88px) 100vw, 88px\" \/><\/figure>\n\n\n\n<div style=\"height:20px\" aria-hidden=\"true\" class=\"wp-block-spacer\"><\/div>\n\n\n\n<p><\/p>\n","protected":false},"excerpt":{"rendered":"<p>\u00dcber diese Seite k\u00f6nnen Sie das Buch von Dr. Angelika Schultz bestellen. Herzliche Gr\u00fc\u00dfe Ela (Angela K\u00e4ther)<\/p>\n","protected":false},"author":2,"featured_media":0,"parent":0,"menu_order":0,"comment_status":"closed","ping_status":"closed","template":"","meta":{"ngg_post_thumbnail":0},"_links":{"self":[{"href":"https:\/\/wilhelmine5.de\/index.php?rest_route=\/wp\/v2\/pages\/114"}],"collection":[{"href":"https:\/\/wilhelmine5.de\/index.php?rest_route=\/wp\/v2\/pages"}],"about":[{"href":"https:\/\/wilhelmine5.de\/index.php?rest_route=\/wp\/v2\/types\/page"}],"author":[{"embeddable":true,"href":"https:\/\/wilhelmine5.de\/index.php?rest_route=\/wp\/v2\/users\/2"}],"replies":[{"embeddable":true,"href":"https:\/\/wilhelmine5.de\/index.php?rest_route=%2Fwp%2Fv2%2Fcomments&post=114"}],"version-history":[{"count":29,"href":"https:\/\/wilhelmine5.de\/index.php?rest_route=\/wp\/v2\/pages\/114\/revisions"}],"predecessor-version":[{"id":1109,"href":"https:\/\/wilhelmine5.de\/index.php?rest_route=\/wp\/v2\/pages\/114\/revisions\/1109"}],"wp:attachment":[{"href":"https:\/\/wilhelmine5.de\/index.php?rest_route=%2Fwp%2Fv2%2Fmedia&parent=114"}],"curies":[{"name":"wp","href":"https:\/\/api.w.org\/{rel}","templated":true}]}}